{"id":16,"date":"2014-05-12T14:16:49","date_gmt":"2014-05-12T12:16:49","guid":{"rendered":"http:\/\/www.dev.wysylajtaniej.pl\/blog\/?page_id=16"},"modified":"2021-08-17T09:50:24","modified_gmt":"2021-08-17T07:50:24","slug":"poradnik-kurierski","status":"publish","type":"page","link":"https:\/\/www.wysylajtaniej.pl\/blog\/poradnik-kurierski\/","title":{"rendered":"PORADNIK KURIERSKI"},"content":{"rendered":"\n<h1 class=\"wp-block-heading\"> Czego nie mo\u017cna wysy\u0142a\u0107 kurierem?<\/h1>\n\n\n\n<p>Klienci cz\u0119sto zastanawiaj\u0105 si\u0119, czego nie mo\u017cna przesy\u0142a\u0107, korzystaj\u0105c z us\u0142ug firmy kurierskiej. <\/p>\n\n\n\n<p>Postanowili\u015bmy Pa\u0144stwu przestawi\u0107\u00a0list\u0119 przedmiot\u00f3w, kt\u00f3re najcz\u0119\u015bciej pojawiaj\u0105 si\u0119 na li\u015bcie rzeczy wy\u0142\u0105czonych z przewozu (niedozwolonych).<\/p>\n\n\n\n<ul class=\"wp-block-list\"><li>Przedmioty drogocenne, wyroby jubilerskie, dzie\u0142a sztuki, antyki, numizmatyki, \u00a0bi\u017cuterie, dzie\u0142a sztuki jak i r\u00f3wnie\u017c got\u00f3wk\u0119, papiery warto\u015bciowe i inne dokumenty o charakterze p\u0142atniczym.<\/li><li>Wszystkie materia\u0142y, kt\u00f3re mog\u0105 by\u0107 niebezpieczne w czasie transportu,\u00a0\u00a0bro\u0144, amunicja, substancje chemiczne, biologicznie aktywne.<\/li><li>\u017bywno\u015b\u0107 \u0142atwo psuj\u0105c\u0105 si\u0119, wymagaj\u0105c\u0105 specjalnych warunk\u00f3w przewozu<\/li><li>zwierz\u0119ta \u017cywe<\/li><li>zw\u0142oki zwierz\u0119ce,\u00a0zw\u0142oki ludzkie<\/li><li>narkotyki i substancje psychotropowe,<\/li><li>tyto\u0144 i produkty tytoniowe<\/li><li>napoje alkoholowe<\/li><li>leki, kt\u00f3re wymagaj\u0105 specjalnych warunk\u00f3w\u00a0transportu<\/li><li>ro\u015bliny, nasiona<\/li><li>futra<\/li><li>ko\u015b\u0107 s\u0142oniowa i wykonane z niej wyroby<\/li><li>inne towary, kt\u00f3re swoimi w\u0142a\u015bciwo\u015bciami mog\u0105 stanowi\u0107 zagro\u017cenie dla os\u00f3b maj\u0105cych z nimi styczno\u015b\u0107 lub mog\u0105ce uszkodzi\u0107 i zniszczy\u0107 inne przesy\u0142ki<\/li><li>wszystkie inne towary, kt\u00f3rych przew\u00f3z jest zabroniony na podstawie obowi\u0105zuj\u0105cych przepis\u00f3w prawnych<\/li><li>\u017cywno\u015b\u0107 \u0142atwo psuj\u0105c\u0105 si\u0119, wymagaj\u0105c\u0105 specjalnych warunk\u00f3w przewozu<\/li><\/ul>\n\n\n\n<p> Dodatkowo nale\u017cy pami\u0119ta\u0107 o tym, \u017ce ka\u017cda Firma kurierska mo\u017ce posiada\u0107 swoje w\u0142asne ograniczenia wynikaj\u0105ce z w\u0142asnych regulamin\u00f3w.<\/p>\n\n\n\n<p>Warto mie\u0107 \u015bwiadomo\u015b\u0107, \u017ce kiedy zdecydujemy si\u0119 na wysy\u0142k\u0119 firm\u0105 kuriersk\u0105 towaru zabronionego, kurier mo\u017ce odm\u00f3wi\u0107 wykonania us\u0142ugi lub nawet paczka mo\u017ce do nas wr\u00f3ci\u0107, co narazi nas na dodatkowe koszty. W przypadku kiedy przesy\u0142ka z zabronion\u0105 zawarto\u015bci\u0105\u00a0zostanie uszkodzona lub zagubiona przez <a href=\"https:\/\/www.wysylajtaniej.pl\">firm\u0119 kuriersk\u0105<\/a>, to jeste\u015bmy nara\u017ceni na utrat\u0119 jakichkolwiek podstaw do roszcze\u0144 odszkodowawczych. Warto wi\u0119c o tym pami\u0119ta\u0107 i nie podejmowa\u0107 ryzyka.\u00a0<\/p>\n\n\n\n<h2 class=\"wp-block-heading\">Jak dobrze zapakowa\u0107 przesy\u0142k\u0119?<\/h2>\n\n\n\n<p>Pakowanie paczki przeznaczonej do wysy\u0142ki nie jest tak\u0105 prost\u0105 spraw\u0105, jak mog\u0142oby si\u0119 wydawa\u0107. Pro\u015bciej jest wtedy kiedy jest to np. ksi\u0105\u017cka, kt\u00f3r\u0105 wystarczy tak naprawd\u0119 owin\u0105\u0107 grubym papierem. Je\u015bli jednak przedmiot jest kruchy, delikatny i nieforemny zapakowanie go do paczki jest do\u015b\u0107 trudnym zadaniem.<\/p>\n\n\n\n<p>Nale\u017cy zda\u0107 sobie spraw\u0119 z tego, i\u017c paczka, w kt\u00f3rej znajdzie si\u0119 przedmiot b\u0119dzie przestawiana, rzucana, okr\u0119cana, poddawana obci\u0105\u017ceniom i wielu innym dzia\u0142aniom, kt\u00f3re mo\u017cna podsumowa\u0107 s\u0142owami: transport i dostarczenie do adresata. Aby przedmiot dotar\u0142 w ca\u0142o\u015bci, nale\u017cy solidnie go zabezpieczy\u0107.<\/p>\n\n\n\n<p>Idealnym opakowaniem jest twardy i do\u015b\u0107 gruby karton. Jego wielko\u015b\u0107 dobieramy tak, aby po w\u0142o\u017ceniu do niego przedmiotu pozosta\u0142o troch\u0119 miejsca na wype\u0142nienie. Jego celem jest zabezpieczenie przed przesuwaniem si\u0119 przedmiotu. Wype\u0142nieniem mog\u0105 by\u0107 pogniecione gazet, folia b\u0105belkowa, inny \u2013 mniejszy karton.<\/p>\n\n\n\n<p>&#8211; wk\u0142adamy troch\u0119 wype\u0142nienia na sp\u00f3d paczki<br>&#8211; wk\u0142adamy przedmiot, kt\u00f3ry chcemy wys\u0142a\u0107<br>&#8211; otaczamy go wype\u0142nieniem<br>&#8211; dodajemy wype\u0142nienie \u201ena wierzchu\u201d. Musi go by\u0107 na tyle du\u017co, aby nie by\u0142o pustych miejsc, a karton zamyka\u0142 si\u0119 z lekkim oporem.<\/p>\n\n\n\n<div class=\"wp-block-image\"><figure class=\"alignright\"><img loading=\"lazy\" decoding=\"async\" width=\"300\" height=\"181\" src=\"https:\/\/wysylajtaniej.pl\/blog\/wp-content\/uploads\/2014\/05\/Bez-tytu\u0142u-300x181.png\" alt=\"Bez\u00a0tytu\u0142u\" class=\"wp-image-114\" srcset=\"https:\/\/www.wysylajtaniej.pl\/blog\/wp-content\/uploads\/2014\/05\/Bez-tytu\u0142u-300x181.png 300w, https:\/\/www.wysylajtaniej.pl\/blog\/wp-content\/uploads\/2014\/05\/Bez-tytu\u0142u-768x464.png 768w, https:\/\/www.wysylajtaniej.pl\/blog\/wp-content\/uploads\/2014\/05\/Bez-tytu\u0142u-370x223.png 370w, https:\/\/www.wysylajtaniej.pl\/blog\/wp-content\/uploads\/2014\/05\/Bez-tytu\u0142u.png 746w\" sizes=\"auto, (max-width: 300px) 100vw, 300px\" \/><\/figure><\/div>\n\n\n\n<p>Po zapakowaniu ca\u0142o\u015bci zamykamy karton (nie zaklejaj\u0105c go), podnosimy paczk\u0119 i delikatnie ni\u0105 potrz\u0105samy. Je\u015bli przedmiot w \u015brodku si\u0119 porusza \u2013 dodajemy wype\u0142nienia.<br> Zapakowan\u0105 paczk\u0119 oklejamy ta\u015bm\u0105 samoprzylepn\u0105. Nie jest wskazane stosowanie sznurk\u00f3w do wi\u0105zania \u2013 mog\u0105 si\u0119 rozwi\u0105za\u0107. Zwracamy uwag\u0119 na to, by ka\u017cdy r\u00f3g, ka\u017cda kraw\u0119d\u017a by\u0142a oklejona. Dodatkowo mo\u017cna oklei\u0107 paczk\u0119 \u201ena krzy\u017c\u201d. Paczka jest przygotowana do wysy\u0142ki.<\/p>\n","protected":false},"excerpt":{"rendered":"<p>Czego nie mo\u017cna wysy\u0142a\u0107 kurierem? Klienci cz\u0119sto zastanawiaj\u0105 si\u0119, czego nie mo\u017cna<\/p>\n","protected":false},"author":55,"featured_media":0,"parent":0,"menu_order":3,"comment_status":"open","ping_status":"closed","template":"","meta":{"_uf_show_specific_survey":0,"_uf_disable_surveys":false,"footnotes":""},"class_list":["post-16","page","type-page","status-publish","hentry","three-columns"],"yoast_head":"<!-- This site is optimized with the Yoast SEO plugin v27.4 - https:\/\/yoast.com\/product\/yoast-seo-wordpress\/ -->\n<title>PORADNIK KURIERSKI - WysylajTaniej.pl<\/title>\n<meta name=\"description\" content=\"Przedstawiamy list\u0119 przedmiot\u00f3w, kt\u00f3re najcz\u0119\u015bciej pojawiaj\u0105 si\u0119 na li\u015bcie rzeczy wy\u0142\u0105czonych z przewozu oraz jak prawid\u0142owo zapakowa\u0107 paczk\u0119\" \/>\n<meta name=\"robots\" content=\"index, follow, max-snippet:-1, max-image-preview:large, max-video-preview:-1\" \/>\n<link rel=\"canonical\" href=\"https:\/\/www.wysylajtaniej.pl\/blog\/poradnik-kurierski\/\" \/>\n<meta property=\"og:locale\" content=\"pl_PL\" \/>\n<meta property=\"og:type\" content=\"article\" \/>\n<meta property=\"og:title\" content=\"PORADNIK KURIERSKI - WysylajTaniej.pl\" \/>\n<meta property=\"og:description\" content=\"Przedstawiamy list\u0119 przedmiot\u00f3w, kt\u00f3re najcz\u0119\u015bciej pojawiaj\u0105 si\u0119 na li\u015bcie rzeczy wy\u0142\u0105czonych z przewozu oraz jak prawid\u0142owo zapakowa\u0107 paczk\u0119\" \/>\n<meta property=\"og:url\" content=\"https:\/\/www.wysylajtaniej.pl\/blog\/poradnik-kurierski\/\" \/>\n<meta property=\"og:site_name\" content=\"WysylajTaniej.pl\" \/>\n<meta property=\"article:publisher\" content=\"https:\/\/www.facebook.com\/WysylajTaniej\/\" \/>\n<meta property=\"article:modified_time\" content=\"2021-08-17T07:50:24+00:00\" \/>\n<meta property=\"og:image\" content=\"https:\/\/www.wysylajtaniej.pl\/blog\/wp-content\/uploads\/2015\/12\/logo.gif\" \/>\n\t<meta property=\"og:image:width\" content=\"255\" \/>\n\t<meta property=\"og:image:height\" content=\"129\" \/>\n\t<meta property=\"og:image:type\" content=\"image\/gif\" \/>\n<meta name=\"twitter:card\" content=\"summary_large_image\" \/>\n<meta name=\"twitter:site\" content=\"@wyslajtaniej\" \/>\n<meta name=\"twitter:label1\" content=\"Szacowany czas czytania\" \/>\n\t<meta name=\"twitter:data1\" content=\"3 minuty\" \/>\n<script type=\"application\/ld+json\" class=\"yoast-schema-graph\">{\"@context\":\"https:\\\/\\\/schema.org\",\"@graph\":[{\"@type\":\"WebPage\",\"@id\":\"https:\\\/\\\/www.wysylajtaniej.pl\\\/blog\\\/poradnik-kurierski\\\/\",\"url\":\"https:\\\/\\\/www.wysylajtaniej.pl\\\/blog\\\/poradnik-kurierski\\\/\",\"name\":\"PORADNIK KURIERSKI - WysylajTaniej.pl\",\"isPartOf\":{\"@id\":\"https:\\\/\\\/www.wysylajtaniej.pl\\\/blog\\\/#website\"},\"datePublished\":\"2014-05-12T12:16:49+00:00\",\"dateModified\":\"2021-08-17T07:50:24+00:00\",\"description\":\"Przedstawiamy list\u0119 przedmiot\u00f3w, kt\u00f3re najcz\u0119\u015bciej pojawiaj\u0105 si\u0119 na li\u015bcie rzeczy wy\u0142\u0105czonych z przewozu oraz jak prawid\u0142owo zapakowa\u0107 paczk\u0119\",\"breadcrumb\":{\"@id\":\"https:\\\/\\\/www.wysylajtaniej.pl\\\/blog\\\/poradnik-kurierski\\\/#breadcrumb\"},\"inLanguage\":\"pl-PL\",\"potentialAction\":[{\"@type\":\"ReadAction\",\"target\":[\"https:\\\/\\\/www.wysylajtaniej.pl\\\/blog\\\/poradnik-kurierski\\\/\"]}]},{\"@type\":\"BreadcrumbList\",\"@id\":\"https:\\\/\\\/www.wysylajtaniej.pl\\\/blog\\\/poradnik-kurierski\\\/#breadcrumb\",\"itemListElement\":[{\"@type\":\"ListItem\",\"position\":1,\"name\":\"Strona g\u0142\u00f3wna\",\"item\":\"https:\\\/\\\/www.wysylajtaniej.pl\\\/blog\\\/\"},{\"@type\":\"ListItem\",\"position\":2,\"name\":\"PORADNIK KURIERSKI\"}]},{\"@type\":\"WebSite\",\"@id\":\"https:\\\/\\\/www.wysylajtaniej.pl\\\/blog\\\/#website\",\"url\":\"https:\\\/\\\/www.wysylajtaniej.pl\\\/blog\\\/\",\"name\":\"WysylajTaniej.pl\",\"description\":\"Tanie przesy\u0142ki kurierskie. Porady i aktualno\u015bci zwi\u0105zane z bran\u017c\u0105 kuriersk\u0105.\",\"publisher\":{\"@id\":\"https:\\\/\\\/www.wysylajtaniej.pl\\\/blog\\\/#organization\"},\"potentialAction\":[{\"@type\":\"SearchAction\",\"target\":{\"@type\":\"EntryPoint\",\"urlTemplate\":\"https:\\\/\\\/www.wysylajtaniej.pl\\\/blog\\\/?s={search_term_string}\"},\"query-input\":{\"@type\":\"PropertyValueSpecification\",\"valueRequired\":true,\"valueName\":\"search_term_string\"}}],\"inLanguage\":\"pl-PL\"},{\"@type\":\"Organization\",\"@id\":\"https:\\\/\\\/www.wysylajtaniej.pl\\\/blog\\\/#organization\",\"name\":\"wysylajtaniej.pl\",\"url\":\"https:\\\/\\\/www.wysylajtaniej.pl\\\/blog\\\/\",\"logo\":{\"@type\":\"ImageObject\",\"inLanguage\":\"pl-PL\",\"@id\":\"https:\\\/\\\/www.wysylajtaniej.pl\\\/blog\\\/#\\\/schema\\\/logo\\\/image\\\/\",\"url\":\"https:\\\/\\\/www.wysylajtaniej.pl\\\/blog\\\/wp-content\\\/uploads\\\/2019\\\/09\\\/Logo.png\",\"contentUrl\":\"https:\\\/\\\/www.wysylajtaniej.pl\\\/blog\\\/wp-content\\\/uploads\\\/2019\\\/09\\\/Logo.png\",\"width\":241,\"height\":39,\"caption\":\"wysylajtaniej.pl\"},\"image\":{\"@id\":\"https:\\\/\\\/www.wysylajtaniej.pl\\\/blog\\\/#\\\/schema\\\/logo\\\/image\\\/\"},\"sameAs\":[\"https:\\\/\\\/www.facebook.com\\\/WysylajTaniej\\\/\",\"https:\\\/\\\/x.com\\\/wyslajtaniej\",\"https:\\\/\\\/www.instagram.com\\\/wysylajtaniej.pl\\\/\",\"https:\\\/\\\/www.youtube.com\\\/user\\\/WysylajTaniej\"]}]}<\/script>\n<!-- \/ Yoast SEO plugin. -->","yoast_head_json":{"title":"PORADNIK KURIERSKI - WysylajTaniej.pl","description":"Przedstawiamy list\u0119 przedmiot\u00f3w, kt\u00f3re najcz\u0119\u015bciej pojawiaj\u0105 si\u0119 na li\u015bcie rzeczy wy\u0142\u0105czonych z przewozu oraz jak prawid\u0142owo zapakowa\u0107 paczk\u0119","robots":{"index":"index","follow":"follow","max-snippet":"max-snippet:-1","max-image-preview":"max-image-preview:large","max-video-preview":"max-video-preview:-1"},"canonical":"https:\/\/www.wysylajtaniej.pl\/blog\/poradnik-kurierski\/","og_locale":"pl_PL","og_type":"article","og_title":"PORADNIK KURIERSKI - WysylajTaniej.pl","og_description":"Przedstawiamy list\u0119 przedmiot\u00f3w, kt\u00f3re najcz\u0119\u015bciej pojawiaj\u0105 si\u0119 na li\u015bcie rzeczy wy\u0142\u0105czonych z przewozu oraz jak prawid\u0142owo zapakowa\u0107 paczk\u0119","og_url":"https:\/\/www.wysylajtaniej.pl\/blog\/poradnik-kurierski\/","og_site_name":"WysylajTaniej.pl","article_publisher":"https:\/\/www.facebook.com\/WysylajTaniej\/","article_modified_time":"2021-08-17T07:50:24+00:00","og_image":[{"width":255,"height":129,"url":"https:\/\/www.wysylajtaniej.pl\/blog\/wp-content\/uploads\/2015\/12\/logo.gif","type":"image\/gif"}],"twitter_card":"summary_large_image","twitter_site":"@wyslajtaniej","twitter_misc":{"Szacowany czas czytania":"3 minuty"},"schema":{"@context":"https:\/\/schema.org","@graph":[{"@type":"WebPage","@id":"https:\/\/www.wysylajtaniej.pl\/blog\/poradnik-kurierski\/","url":"https:\/\/www.wysylajtaniej.pl\/blog\/poradnik-kurierski\/","name":"PORADNIK KURIERSKI - WysylajTaniej.pl","isPartOf":{"@id":"https:\/\/www.wysylajtaniej.pl\/blog\/#website"},"datePublished":"2014-05-12T12:16:49+00:00","dateModified":"2021-08-17T07:50:24+00:00","description":"Przedstawiamy list\u0119 przedmiot\u00f3w, kt\u00f3re najcz\u0119\u015bciej pojawiaj\u0105 si\u0119 na li\u015bcie rzeczy wy\u0142\u0105czonych z przewozu oraz jak prawid\u0142owo zapakowa\u0107 paczk\u0119","breadcrumb":{"@id":"https:\/\/www.wysylajtaniej.pl\/blog\/poradnik-kurierski\/#breadcrumb"},"inLanguage":"pl-PL","potentialAction":[{"@type":"ReadAction","target":["https:\/\/www.wysylajtaniej.pl\/blog\/poradnik-kurierski\/"]}]},{"@type":"BreadcrumbList","@id":"https:\/\/www.wysylajtaniej.pl\/blog\/poradnik-kurierski\/#breadcrumb","itemListElement":[{"@type":"ListItem","position":1,"name":"Strona g\u0142\u00f3wna","item":"https:\/\/www.wysylajtaniej.pl\/blog\/"},{"@type":"ListItem","position":2,"name":"PORADNIK KURIERSKI"}]},{"@type":"WebSite","@id":"https:\/\/www.wysylajtaniej.pl\/blog\/#website","url":"https:\/\/www.wysylajtaniej.pl\/blog\/","name":"WysylajTaniej.pl","description":"Tanie przesy\u0142ki kurierskie. Porady i aktualno\u015bci zwi\u0105zane z bran\u017c\u0105 kuriersk\u0105.","publisher":{"@id":"https:\/\/www.wysylajtaniej.pl\/blog\/#organization"},"potentialAction":[{"@type":"SearchAction","target":{"@type":"EntryPoint","urlTemplate":"https:\/\/www.wysylajtaniej.pl\/blog\/?s={search_term_string}"},"query-input":{"@type":"PropertyValueSpecification","valueRequired":true,"valueName":"search_term_string"}}],"inLanguage":"pl-PL"},{"@type":"Organization","@id":"https:\/\/www.wysylajtaniej.pl\/blog\/#organization","name":"wysylajtaniej.pl","url":"https:\/\/www.wysylajtaniej.pl\/blog\/","logo":{"@type":"ImageObject","inLanguage":"pl-PL","@id":"https:\/\/www.wysylajtaniej.pl\/blog\/#\/schema\/logo\/image\/","url":"https:\/\/www.wysylajtaniej.pl\/blog\/wp-content\/uploads\/2019\/09\/Logo.png","contentUrl":"https:\/\/www.wysylajtaniej.pl\/blog\/wp-content\/uploads\/2019\/09\/Logo.png","width":241,"height":39,"caption":"wysylajtaniej.pl"},"image":{"@id":"https:\/\/www.wysylajtaniej.pl\/blog\/#\/schema\/logo\/image\/"},"sameAs":["https:\/\/www.facebook.com\/WysylajTaniej\/","https:\/\/x.com\/wyslajtaniej","https:\/\/www.instagram.com\/wysylajtaniej.pl\/","https:\/\/www.youtube.com\/user\/WysylajTaniej"]}]}},"_links":{"self":[{"href":"https:\/\/www.wysylajtaniej.pl\/blog\/wp-json\/wp\/v2\/pages\/16","targetHints":{"allow":["GET"]}}],"collection":[{"href":"https:\/\/www.wysylajtaniej.pl\/blog\/wp-json\/wp\/v2\/pages"}],"about":[{"href":"https:\/\/www.wysylajtaniej.pl\/blog\/wp-json\/wp\/v2\/types\/page"}],"author":[{"embeddable":true,"href":"https:\/\/www.wysylajtaniej.pl\/blog\/wp-json\/wp\/v2\/users\/55"}],"replies":[{"embeddable":true,"href":"https:\/\/www.wysylajtaniej.pl\/blog\/wp-json\/wp\/v2\/comments?post=16"}],"version-history":[{"count":0,"href":"https:\/\/www.wysylajtaniej.pl\/blog\/wp-json\/wp\/v2\/pages\/16\/revisions"}],"wp:attachment":[{"href":"https:\/\/www.wysylajtaniej.pl\/blog\/wp-json\/wp\/v2\/media?parent=16"}],"curies":[{"name":"wp","href":"https:\/\/api.w.org\/{rel}","templated":true}]}}