{"id":4169,"date":"2020-10-15T12:03:57","date_gmt":"2020-10-15T10:03:57","guid":{"rendered":"https:\/\/wysylajtaniej.pl\/blog\/?page_id=4169"},"modified":"2026-03-03T14:25:06","modified_gmt":"2026-03-03T13:25:06","slug":"zawartosc-koszyka","status":"publish","type":"page","link":"https:\/\/www.wysylajtaniej.pl\/blog\/zawartosc-koszyka\/","title":{"rendered":"Zawarto\u015b\u0107 koszyka"},"content":{"rendered":"\n\n","protected":false},"excerpt":{"rendered":"","protected":false},"author":55,"featured_media":0,"parent":0,"menu_order":0,"comment_status":"closed","ping_status":"closed","template":"","meta":{"_uf_show_specific_survey":0,"_uf_disable_surveys":false,"footnotes":""},"class_list":["post-4169","page","type-page","status-publish","hentry","three-columns"],"yoast_head":"<!-- This site is optimized with the Yoast SEO plugin v27.4 - https:\/\/yoast.com\/product\/yoast-seo-wordpress\/ -->\n<title>Zawarto\u015b\u0107 koszyka - WysylajTaniej.pl<\/title>\n<meta name=\"robots\" content=\"index, follow, max-snippet:-1, max-image-preview:large, max-video-preview:-1\" \/>\n<link rel=\"canonical\" href=\"https:\/\/www.wysylajtaniej.pl\/blog\/zawartosc-koszyka\/\" \/>\n<meta property=\"og:locale\" content=\"pl_PL\" \/>\n<meta property=\"og:type\" content=\"article\" \/>\n<meta property=\"og:title\" content=\"Zawarto\u015b\u0107 koszyka - WysylajTaniej.pl\" \/>\n<meta property=\"og:url\" content=\"https:\/\/www.wysylajtaniej.pl\/blog\/zawartosc-koszyka\/\" \/>\n<meta property=\"og:site_name\" content=\"WysylajTaniej.pl\" \/>\n<meta property=\"article:publisher\" content=\"https:\/\/www.facebook.com\/WysylajTaniej\/\" \/>\n<meta property=\"article:modified_time\" content=\"2026-03-03T13:25:06+00:00\" \/>\n<meta property=\"og:image\" content=\"https:\/\/www.wysylajtaniej.pl\/blog\/wp-content\/uploads\/2015\/12\/logo.gif\" \/>\n\t<meta property=\"og:image:width\" content=\"255\" \/>\n\t<meta property=\"og:image:height\" content=\"129\" \/>\n\t<meta property=\"og:image:type\" content=\"image\/gif\" \/>\n<meta name=\"twitter:card\" content=\"summary_large_image\" \/>\n<meta name=\"twitter:site\" content=\"@wyslajtaniej\" \/>\n<script type=\"application\/ld+json\" class=\"yoast-schema-graph\">{\"@context\":\"https:\\\/\\\/schema.org\",\"@graph\":[{\"@type\":\"WebPage\",\"@id\":\"https:\\\/\\\/www.wysylajtaniej.pl\\\/blog\\\/zawartosc-koszyka\\\/\",\"url\":\"https:\\\/\\\/www.wysylajtaniej.pl\\\/blog\\\/zawartosc-koszyka\\\/\",\"name\":\"Zawarto\u015b\u0107 koszyka - WysylajTaniej.pl\",\"isPartOf\":{\"@id\":\"https:\\\/\\\/www.wysylajtaniej.pl\\\/blog\\\/#website\"},\"datePublished\":\"2020-10-15T10:03:57+00:00\",\"dateModified\":\"2026-03-03T13:25:06+00:00\",\"breadcrumb\":{\"@id\":\"https:\\\/\\\/www.wysylajtaniej.pl\\\/blog\\\/zawartosc-koszyka\\\/#breadcrumb\"},\"inLanguage\":\"pl-PL\",\"potentialAction\":[{\"@type\":\"ReadAction\",\"target\":[\"https:\\\/\\\/www.wysylajtaniej.pl\\\/blog\\\/zawartosc-koszyka\\\/\"]}]},{\"@type\":\"BreadcrumbList\",\"@id\":\"https:\\\/\\\/www.wysylajtaniej.pl\\\/blog\\\/zawartosc-koszyka\\\/#breadcrumb\",\"itemListElement\":[{\"@type\":\"ListItem\",\"position\":1,\"name\":\"Strona g\u0142\u00f3wna\",\"item\":\"https:\\\/\\\/www.wysylajtaniej.pl\\\/blog\\\/\"},{\"@type\":\"ListItem\",\"position\":2,\"name\":\"Zawarto\u015b\u0107 koszyka\"}]},{\"@type\":\"WebSite\",\"@id\":\"https:\\\/\\\/www.wysylajtaniej.pl\\\/blog\\\/#website\",\"url\":\"https:\\\/\\\/www.wysylajtaniej.pl\\\/blog\\\/\",\"name\":\"WysylajTaniej.pl\",\"description\":\"Tanie przesy\u0142ki kurierskie. Porady i aktualno\u015bci zwi\u0105zane z bran\u017c\u0105 kuriersk\u0105.\",\"publisher\":{\"@id\":\"https:\\\/\\\/www.wysylajtaniej.pl\\\/blog\\\/#organization\"},\"potentialAction\":[{\"@type\":\"SearchAction\",\"target\":{\"@type\":\"EntryPoint\",\"urlTemplate\":\"https:\\\/\\\/www.wysylajtaniej.pl\\\/blog\\\/?s={search_term_string}\"},\"query-input\":{\"@type\":\"PropertyValueSpecification\",\"valueRequired\":true,\"valueName\":\"search_term_string\"}}],\"inLanguage\":\"pl-PL\"},{\"@type\":\"Organization\",\"@id\":\"https:\\\/\\\/www.wysylajtaniej.pl\\\/blog\\\/#organization\",\"name\":\"wysylajtaniej.pl\",\"url\":\"https:\\\/\\\/www.wysylajtaniej.pl\\\/blog\\\/\",\"logo\":{\"@type\":\"ImageObject\",\"inLanguage\":\"pl-PL\",\"@id\":\"https:\\\/\\\/www.wysylajtaniej.pl\\\/blog\\\/#\\\/schema\\\/logo\\\/image\\\/\",\"url\":\"https:\\\/\\\/www.wysylajtaniej.pl\\\/blog\\\/wp-content\\\/uploads\\\/2019\\\/09\\\/Logo.png\",\"contentUrl\":\"https:\\\/\\\/www.wysylajtaniej.pl\\\/blog\\\/wp-content\\\/uploads\\\/2019\\\/09\\\/Logo.png\",\"width\":241,\"height\":39,\"caption\":\"wysylajtaniej.pl\"},\"image\":{\"@id\":\"https:\\\/\\\/www.wysylajtaniej.pl\\\/blog\\\/#\\\/schema\\\/logo\\\/image\\\/\"},\"sameAs\":[\"https:\\\/\\\/www.facebook.com\\\/WysylajTaniej\\\/\",\"https:\\\/\\\/x.com\\\/wyslajtaniej\",\"https:\\\/\\\/www.instagram.com\\\/wysylajtaniej.pl\\\/\",\"https:\\\/\\\/www.youtube.com\\\/user\\\/WysylajTaniej\"]}]}<\/script>\n<!-- \/ Yoast SEO plugin. -->","yoast_head_json":{"title":"Zawarto\u015b\u0107 koszyka - WysylajTaniej.pl","robots":{"index":"index","follow":"follow","max-snippet":"max-snippet:-1","max-image-preview":"max-image-preview:large","max-video-preview":"max-video-preview:-1"},"canonical":"https:\/\/www.wysylajtaniej.pl\/blog\/zawartosc-koszyka\/","og_locale":"pl_PL","og_type":"article","og_title":"Zawarto\u015b\u0107 koszyka - WysylajTaniej.pl","og_url":"https:\/\/www.wysylajtaniej.pl\/blog\/zawartosc-koszyka\/","og_site_name":"WysylajTaniej.pl","article_publisher":"https:\/\/www.facebook.com\/WysylajTaniej\/","article_modified_time":"2026-03-03T13:25:06+00:00","og_image":[{"width":255,"height":129,"url":"https:\/\/www.wysylajtaniej.pl\/blog\/wp-content\/uploads\/2015\/12\/logo.gif","type":"image\/gif"}],"twitter_card":"summary_large_image","twitter_site":"@wyslajtaniej","schema":{"@context":"https:\/\/schema.org","@graph":[{"@type":"WebPage","@id":"https:\/\/www.wysylajtaniej.pl\/blog\/zawartosc-koszyka\/","url":"https:\/\/www.wysylajtaniej.pl\/blog\/zawartosc-koszyka\/","name":"Zawarto\u015b\u0107 koszyka - WysylajTaniej.pl","isPartOf":{"@id":"https:\/\/www.wysylajtaniej.pl\/blog\/#website"},"datePublished":"2020-10-15T10:03:57+00:00","dateModified":"2026-03-03T13:25:06+00:00","breadcrumb":{"@id":"https:\/\/www.wysylajtaniej.pl\/blog\/zawartosc-koszyka\/#breadcrumb"},"inLanguage":"pl-PL","potentialAction":[{"@type":"ReadAction","target":["https:\/\/www.wysylajtaniej.pl\/blog\/zawartosc-koszyka\/"]}]},{"@type":"BreadcrumbList","@id":"https:\/\/www.wysylajtaniej.pl\/blog\/zawartosc-koszyka\/#breadcrumb","itemListElement":[{"@type":"ListItem","position":1,"name":"Strona g\u0142\u00f3wna","item":"https:\/\/www.wysylajtaniej.pl\/blog\/"},{"@type":"ListItem","position":2,"name":"Zawarto\u015b\u0107 koszyka"}]},{"@type":"WebSite","@id":"https:\/\/www.wysylajtaniej.pl\/blog\/#website","url":"https:\/\/www.wysylajtaniej.pl\/blog\/","name":"WysylajTaniej.pl","description":"Tanie przesy\u0142ki kurierskie. Porady i aktualno\u015bci zwi\u0105zane z bran\u017c\u0105 kuriersk\u0105.","publisher":{"@id":"https:\/\/www.wysylajtaniej.pl\/blog\/#organization"},"potentialAction":[{"@type":"SearchAction","target":{"@type":"EntryPoint","urlTemplate":"https:\/\/www.wysylajtaniej.pl\/blog\/?s={search_term_string}"},"query-input":{"@type":"PropertyValueSpecification","valueRequired":true,"valueName":"search_term_string"}}],"inLanguage":"pl-PL"},{"@type":"Organization","@id":"https:\/\/www.wysylajtaniej.pl\/blog\/#organization","name":"wysylajtaniej.pl","url":"https:\/\/www.wysylajtaniej.pl\/blog\/","logo":{"@type":"ImageObject","inLanguage":"pl-PL","@id":"https:\/\/www.wysylajtaniej.pl\/blog\/#\/schema\/logo\/image\/","url":"https:\/\/www.wysylajtaniej.pl\/blog\/wp-content\/uploads\/2019\/09\/Logo.png","contentUrl":"https:\/\/www.wysylajtaniej.pl\/blog\/wp-content\/uploads\/2019\/09\/Logo.png","width":241,"height":39,"caption":"wysylajtaniej.pl"},"image":{"@id":"https:\/\/www.wysylajtaniej.pl\/blog\/#\/schema\/logo\/image\/"},"sameAs":["https:\/\/www.facebook.com\/WysylajTaniej\/","https:\/\/x.com\/wyslajtaniej","https:\/\/www.instagram.com\/wysylajtaniej.pl\/","https:\/\/www.youtube.com\/user\/WysylajTaniej"]}]}},"_links":{"self":[{"href":"https:\/\/www.wysylajtaniej.pl\/blog\/wp-json\/wp\/v2\/pages\/4169","targetHints":{"allow":["GET"]}}],"collection":[{"href":"https:\/\/www.wysylajtaniej.pl\/blog\/wp-json\/wp\/v2\/pages"}],"about":[{"href":"https:\/\/www.wysylajtaniej.pl\/blog\/wp-json\/wp\/v2\/types\/page"}],"author":[{"embeddable":true,"href":"https:\/\/www.wysylajtaniej.pl\/blog\/wp-json\/wp\/v2\/users\/55"}],"replies":[{"embeddable":true,"href":"https:\/\/www.wysylajtaniej.pl\/blog\/wp-json\/wp\/v2\/comments?post=4169"}],"version-history":[{"count":1,"href":"https:\/\/www.wysylajtaniej.pl\/blog\/wp-json\/wp\/v2\/pages\/4169\/revisions"}],"predecessor-version":[{"id":6061,"href":"https:\/\/www.wysylajtaniej.pl\/blog\/wp-json\/wp\/v2\/pages\/4169\/revisions\/6061"}],"wp:attachment":[{"href":"https:\/\/www.wysylajtaniej.pl\/blog\/wp-json\/wp\/v2\/media?parent=4169"}],"curies":[{"name":"wp","href":"https:\/\/api.w.org\/{rel}","templated":true}]}}