{"id":4893,"date":"2021-07-27T14:56:06","date_gmt":"2021-07-27T12:56:06","guid":{"rendered":"https:\/\/wysylajtaniej.pl\/blog\/?post_type=product&#038;p=4893"},"modified":"2023-04-19T11:25:43","modified_gmt":"2023-04-19T09:25:43","slug":"etykieta-samoprzylepna-z-nadrukiem-cod-cash-on-delivery-dpd","status":"publish","type":"product","link":"https:\/\/www.wysylajtaniej.pl\/blog\/opakowania\/etykieta-samoprzylepna-z-nadrukiem-cod-cash-on-delivery-dpd\/","title":{"rendered":"Etykieta samoprzylepna z nadrukiem &#8222;COD&#8221; &#8211; Cash on delivery &#8211; DPD"},"content":{"rendered":"<p>Etykieta samoprzylepna z nadrukiem &#8222;COD&#8221; &#8211; Cash on delivery &#8211; DPD<br \/>\nLiczba etykiet na rolce: 250 szt<br \/>\n(Zdj\u0119cie jest pogl\u0105dowe, wys\u0142any towar mo\u017ce si\u0119 r\u00f3\u017cni\u0107 od towaru na zdj\u0119ciu)<\/p>\n","protected":false},"excerpt":{"rendered":"<p>Etykieta samoprzylepna z nadrukiem &#8222;COD&#8221; &#8211; Cash on delivery &#8211; DPD Liczba<\/p>\n","protected":false},"featured_media":4894,"comment_status":"open","ping_status":"closed","template":"","meta":{"_uf_show_specific_survey":0,"_uf_disable_surveys":false},"product_brand":[],"product_cat":[145,212],"product_tag":[],"class_list":{"0":"post-4893","1":"product","2":"type-product","3":"status-publish","4":"has-post-thumbnail","6":"product_cat-opakowania","7":"product_cat-opakowania-dpd","8":"three-columns","10":"first","11":"instock","12":"taxable","13":"shipping-taxable","14":"purchasable","15":"product-type-simple"},"yoast_head":"<!-- This site is optimized with the Yoast SEO plugin v27.4 - https:\/\/yoast.com\/product\/yoast-seo-wordpress\/ -->\n<title>Etykieta samoprzylepna z nadrukiem &quot;COD&quot; - Cash on delivery - DPD - WysylajTaniej.pl<\/title>\n<meta name=\"robots\" content=\"index, follow, max-snippet:-1, max-image-preview:large, max-video-preview:-1\" \/>\n<link rel=\"canonical\" href=\"https:\/\/www.wysylajtaniej.pl\/blog\/opakowania\/etykieta-samoprzylepna-z-nadrukiem-cod-cash-on-delivery-dpd\/\" \/>\n<meta property=\"og:locale\" content=\"pl_PL\" \/>\n<meta property=\"og:type\" content=\"article\" \/>\n<meta property=\"og:title\" content=\"Etykieta samoprzylepna z nadrukiem &quot;COD&quot; - Cash on delivery - DPD - WysylajTaniej.pl\" \/>\n<meta property=\"og:description\" content=\"Etykieta samoprzylepna z nadrukiem &#8222;COD&#8221; &#8211; Cash on delivery &#8211; DPD Liczba\" \/>\n<meta property=\"og:url\" content=\"https:\/\/www.wysylajtaniej.pl\/blog\/opakowania\/etykieta-samoprzylepna-z-nadrukiem-cod-cash-on-delivery-dpd\/\" \/>\n<meta property=\"og:site_name\" content=\"WysylajTaniej.pl\" \/>\n<meta property=\"article:publisher\" content=\"https:\/\/www.facebook.com\/WysylajTaniej\/\" \/>\n<meta property=\"article:modified_time\" content=\"2023-04-19T09:25:43+00:00\" \/>\n<meta property=\"og:image\" content=\"https:\/\/www.wysylajtaniej.pl\/blog\/wp-content\/uploads\/2021\/07\/cod1-e1629403148586.jpg\" \/>\n\t<meta property=\"og:image:width\" content=\"808\" \/>\n\t<meta property=\"og:image:height\" content=\"600\" \/>\n\t<meta property=\"og:image:type\" content=\"image\/jpeg\" \/>\n<meta name=\"twitter:card\" content=\"summary_large_image\" \/>\n<meta name=\"twitter:site\" content=\"@wyslajtaniej\" \/>\n<script type=\"application\/ld+json\" class=\"yoast-schema-graph\">{\"@context\":\"https:\\\/\\\/schema.org\",\"@graph\":[{\"@type\":\"WebPage\",\"@id\":\"https:\\\/\\\/www.wysylajtaniej.pl\\\/blog\\\/opakowania\\\/etykieta-samoprzylepna-z-nadrukiem-cod-cash-on-delivery-dpd\\\/\",\"url\":\"https:\\\/\\\/www.wysylajtaniej.pl\\\/blog\\\/opakowania\\\/etykieta-samoprzylepna-z-nadrukiem-cod-cash-on-delivery-dpd\\\/\",\"name\":\"Etykieta samoprzylepna z nadrukiem \\\"COD\\\" - Cash on delivery - DPD - WysylajTaniej.pl\",\"isPartOf\":{\"@id\":\"https:\\\/\\\/www.wysylajtaniej.pl\\\/blog\\\/#website\"},\"primaryImageOfPage\":{\"@id\":\"https:\\\/\\\/www.wysylajtaniej.pl\\\/blog\\\/opakowania\\\/etykieta-samoprzylepna-z-nadrukiem-cod-cash-on-delivery-dpd\\\/#primaryimage\"},\"image\":{\"@id\":\"https:\\\/\\\/www.wysylajtaniej.pl\\\/blog\\\/opakowania\\\/etykieta-samoprzylepna-z-nadrukiem-cod-cash-on-delivery-dpd\\\/#primaryimage\"},\"thumbnailUrl\":\"https:\\\/\\\/www.wysylajtaniej.pl\\\/blog\\\/wp-content\\\/uploads\\\/2021\\\/07\\\/cod1-e1629403148586.jpg\",\"datePublished\":\"2021-07-27T12:56:06+00:00\",\"dateModified\":\"2023-04-19T09:25:43+00:00\",\"breadcrumb\":{\"@id\":\"https:\\\/\\\/www.wysylajtaniej.pl\\\/blog\\\/opakowania\\\/etykieta-samoprzylepna-z-nadrukiem-cod-cash-on-delivery-dpd\\\/#breadcrumb\"},\"inLanguage\":\"pl-PL\",\"potentialAction\":[{\"@type\":\"ReadAction\",\"target\":[\"https:\\\/\\\/www.wysylajtaniej.pl\\\/blog\\\/opakowania\\\/etykieta-samoprzylepna-z-nadrukiem-cod-cash-on-delivery-dpd\\\/\"]}]},{\"@type\":\"ImageObject\",\"inLanguage\":\"pl-PL\",\"@id\":\"https:\\\/\\\/www.wysylajtaniej.pl\\\/blog\\\/opakowania\\\/etykieta-samoprzylepna-z-nadrukiem-cod-cash-on-delivery-dpd\\\/#primaryimage\",\"url\":\"https:\\\/\\\/www.wysylajtaniej.pl\\\/blog\\\/wp-content\\\/uploads\\\/2021\\\/07\\\/cod1-e1629403148586.jpg\",\"contentUrl\":\"https:\\\/\\\/www.wysylajtaniej.pl\\\/blog\\\/wp-content\\\/uploads\\\/2021\\\/07\\\/cod1-e1629403148586.jpg\",\"width\":808,\"height\":600},{\"@type\":\"BreadcrumbList\",\"@id\":\"https:\\\/\\\/www.wysylajtaniej.pl\\\/blog\\\/opakowania\\\/etykieta-samoprzylepna-z-nadrukiem-cod-cash-on-delivery-dpd\\\/#breadcrumb\",\"itemListElement\":[{\"@type\":\"ListItem\",\"position\":1,\"name\":\"Strona g\u0142\u00f3wna\",\"item\":\"https:\\\/\\\/www.wysylajtaniej.pl\\\/blog\\\/\"},{\"@type\":\"ListItem\",\"position\":2,\"name\":\"Etykieta samoprzylepna z nadrukiem &#8222;COD&#8221; &#8211; Cash on delivery &#8211; DPD\"}]},{\"@type\":\"WebSite\",\"@id\":\"https:\\\/\\\/www.wysylajtaniej.pl\\\/blog\\\/#website\",\"url\":\"https:\\\/\\\/www.wysylajtaniej.pl\\\/blog\\\/\",\"name\":\"WysylajTaniej.pl\",\"description\":\"Tanie przesy\u0142ki kurierskie. Porady i aktualno\u015bci zwi\u0105zane z bran\u017c\u0105 kuriersk\u0105.\",\"publisher\":{\"@id\":\"https:\\\/\\\/www.wysylajtaniej.pl\\\/blog\\\/#organization\"},\"potentialAction\":[{\"@type\":\"SearchAction\",\"target\":{\"@type\":\"EntryPoint\",\"urlTemplate\":\"https:\\\/\\\/www.wysylajtaniej.pl\\\/blog\\\/?s={search_term_string}\"},\"query-input\":{\"@type\":\"PropertyValueSpecification\",\"valueRequired\":true,\"valueName\":\"search_term_string\"}}],\"inLanguage\":\"pl-PL\"},{\"@type\":\"Organization\",\"@id\":\"https:\\\/\\\/www.wysylajtaniej.pl\\\/blog\\\/#organization\",\"name\":\"wysylajtaniej.pl\",\"url\":\"https:\\\/\\\/www.wysylajtaniej.pl\\\/blog\\\/\",\"logo\":{\"@type\":\"ImageObject\",\"inLanguage\":\"pl-PL\",\"@id\":\"https:\\\/\\\/www.wysylajtaniej.pl\\\/blog\\\/#\\\/schema\\\/logo\\\/image\\\/\",\"url\":\"https:\\\/\\\/www.wysylajtaniej.pl\\\/blog\\\/wp-content\\\/uploads\\\/2019\\\/09\\\/Logo.png\",\"contentUrl\":\"https:\\\/\\\/www.wysylajtaniej.pl\\\/blog\\\/wp-content\\\/uploads\\\/2019\\\/09\\\/Logo.png\",\"width\":241,\"height\":39,\"caption\":\"wysylajtaniej.pl\"},\"image\":{\"@id\":\"https:\\\/\\\/www.wysylajtaniej.pl\\\/blog\\\/#\\\/schema\\\/logo\\\/image\\\/\"},\"sameAs\":[\"https:\\\/\\\/www.facebook.com\\\/WysylajTaniej\\\/\",\"https:\\\/\\\/x.com\\\/wyslajtaniej\",\"https:\\\/\\\/www.instagram.com\\\/wysylajtaniej.pl\\\/\",\"https:\\\/\\\/www.youtube.com\\\/user\\\/WysylajTaniej\"]}]}<\/script>\n<!-- \/ Yoast SEO plugin. -->","yoast_head_json":{"title":"Etykieta samoprzylepna z nadrukiem \"COD\" - Cash on delivery - DPD - WysylajTaniej.pl","robots":{"index":"index","follow":"follow","max-snippet":"max-snippet:-1","max-image-preview":"max-image-preview:large","max-video-preview":"max-video-preview:-1"},"canonical":"https:\/\/www.wysylajtaniej.pl\/blog\/opakowania\/etykieta-samoprzylepna-z-nadrukiem-cod-cash-on-delivery-dpd\/","og_locale":"pl_PL","og_type":"article","og_title":"Etykieta samoprzylepna z nadrukiem \"COD\" - Cash on delivery - DPD - WysylajTaniej.pl","og_description":"Etykieta samoprzylepna z nadrukiem &#8222;COD&#8221; &#8211; Cash on delivery &#8211; DPD Liczba","og_url":"https:\/\/www.wysylajtaniej.pl\/blog\/opakowania\/etykieta-samoprzylepna-z-nadrukiem-cod-cash-on-delivery-dpd\/","og_site_name":"WysylajTaniej.pl","article_publisher":"https:\/\/www.facebook.com\/WysylajTaniej\/","article_modified_time":"2023-04-19T09:25:43+00:00","og_image":[{"width":808,"height":600,"url":"https:\/\/www.wysylajtaniej.pl\/blog\/wp-content\/uploads\/2021\/07\/cod1-e1629403148586.jpg","type":"image\/jpeg"}],"twitter_card":"summary_large_image","twitter_site":"@wyslajtaniej","schema":{"@context":"https:\/\/schema.org","@graph":[{"@type":"WebPage","@id":"https:\/\/www.wysylajtaniej.pl\/blog\/opakowania\/etykieta-samoprzylepna-z-nadrukiem-cod-cash-on-delivery-dpd\/","url":"https:\/\/www.wysylajtaniej.pl\/blog\/opakowania\/etykieta-samoprzylepna-z-nadrukiem-cod-cash-on-delivery-dpd\/","name":"Etykieta samoprzylepna z nadrukiem \"COD\" - Cash on delivery - DPD - WysylajTaniej.pl","isPartOf":{"@id":"https:\/\/www.wysylajtaniej.pl\/blog\/#website"},"primaryImageOfPage":{"@id":"https:\/\/www.wysylajtaniej.pl\/blog\/opakowania\/etykieta-samoprzylepna-z-nadrukiem-cod-cash-on-delivery-dpd\/#primaryimage"},"image":{"@id":"https:\/\/www.wysylajtaniej.pl\/blog\/opakowania\/etykieta-samoprzylepna-z-nadrukiem-cod-cash-on-delivery-dpd\/#primaryimage"},"thumbnailUrl":"https:\/\/www.wysylajtaniej.pl\/blog\/wp-content\/uploads\/2021\/07\/cod1-e1629403148586.jpg","datePublished":"2021-07-27T12:56:06+00:00","dateModified":"2023-04-19T09:25:43+00:00","breadcrumb":{"@id":"https:\/\/www.wysylajtaniej.pl\/blog\/opakowania\/etykieta-samoprzylepna-z-nadrukiem-cod-cash-on-delivery-dpd\/#breadcrumb"},"inLanguage":"pl-PL","potentialAction":[{"@type":"ReadAction","target":["https:\/\/www.wysylajtaniej.pl\/blog\/opakowania\/etykieta-samoprzylepna-z-nadrukiem-cod-cash-on-delivery-dpd\/"]}]},{"@type":"ImageObject","inLanguage":"pl-PL","@id":"https:\/\/www.wysylajtaniej.pl\/blog\/opakowania\/etykieta-samoprzylepna-z-nadrukiem-cod-cash-on-delivery-dpd\/#primaryimage","url":"https:\/\/www.wysylajtaniej.pl\/blog\/wp-content\/uploads\/2021\/07\/cod1-e1629403148586.jpg","contentUrl":"https:\/\/www.wysylajtaniej.pl\/blog\/wp-content\/uploads\/2021\/07\/cod1-e1629403148586.jpg","width":808,"height":600},{"@type":"BreadcrumbList","@id":"https:\/\/www.wysylajtaniej.pl\/blog\/opakowania\/etykieta-samoprzylepna-z-nadrukiem-cod-cash-on-delivery-dpd\/#breadcrumb","itemListElement":[{"@type":"ListItem","position":1,"name":"Strona g\u0142\u00f3wna","item":"https:\/\/www.wysylajtaniej.pl\/blog\/"},{"@type":"ListItem","position":2,"name":"Etykieta samoprzylepna z nadrukiem &#8222;COD&#8221; &#8211; Cash on delivery &#8211; DPD"}]},{"@type":"WebSite","@id":"https:\/\/www.wysylajtaniej.pl\/blog\/#website","url":"https:\/\/www.wysylajtaniej.pl\/blog\/","name":"WysylajTaniej.pl","description":"Tanie przesy\u0142ki kurierskie. Porady i aktualno\u015bci zwi\u0105zane z bran\u017c\u0105 kuriersk\u0105.","publisher":{"@id":"https:\/\/www.wysylajtaniej.pl\/blog\/#organization"},"potentialAction":[{"@type":"SearchAction","target":{"@type":"EntryPoint","urlTemplate":"https:\/\/www.wysylajtaniej.pl\/blog\/?s={search_term_string}"},"query-input":{"@type":"PropertyValueSpecification","valueRequired":true,"valueName":"search_term_string"}}],"inLanguage":"pl-PL"},{"@type":"Organization","@id":"https:\/\/www.wysylajtaniej.pl\/blog\/#organization","name":"wysylajtaniej.pl","url":"https:\/\/www.wysylajtaniej.pl\/blog\/","logo":{"@type":"ImageObject","inLanguage":"pl-PL","@id":"https:\/\/www.wysylajtaniej.pl\/blog\/#\/schema\/logo\/image\/","url":"https:\/\/www.wysylajtaniej.pl\/blog\/wp-content\/uploads\/2019\/09\/Logo.png","contentUrl":"https:\/\/www.wysylajtaniej.pl\/blog\/wp-content\/uploads\/2019\/09\/Logo.png","width":241,"height":39,"caption":"wysylajtaniej.pl"},"image":{"@id":"https:\/\/www.wysylajtaniej.pl\/blog\/#\/schema\/logo\/image\/"},"sameAs":["https:\/\/www.facebook.com\/WysylajTaniej\/","https:\/\/x.com\/wyslajtaniej","https:\/\/www.instagram.com\/wysylajtaniej.pl\/","https:\/\/www.youtube.com\/user\/WysylajTaniej"]}]}},"_links":{"self":[{"href":"https:\/\/www.wysylajtaniej.pl\/blog\/wp-json\/wp\/v2\/product\/4893","targetHints":{"allow":["GET"]}}],"collection":[{"href":"https:\/\/www.wysylajtaniej.pl\/blog\/wp-json\/wp\/v2\/product"}],"about":[{"href":"https:\/\/www.wysylajtaniej.pl\/blog\/wp-json\/wp\/v2\/types\/product"}],"replies":[{"embeddable":true,"href":"https:\/\/www.wysylajtaniej.pl\/blog\/wp-json\/wp\/v2\/comments?post=4893"}],"wp:featuredmedia":[{"embeddable":true,"href":"https:\/\/www.wysylajtaniej.pl\/blog\/wp-json\/wp\/v2\/media\/4894"}],"wp:attachment":[{"href":"https:\/\/www.wysylajtaniej.pl\/blog\/wp-json\/wp\/v2\/media?parent=4893"}],"wp:term":[{"taxonomy":"product_brand","embeddable":true,"href":"https:\/\/www.wysylajtaniej.pl\/blog\/wp-json\/wp\/v2\/product_brand?post=4893"},{"taxonomy":"product_cat","embeddable":true,"href":"https:\/\/www.wysylajtaniej.pl\/blog\/wp-json\/wp\/v2\/product_cat?post=4893"},{"taxonomy":"product_tag","embeddable":true,"href":"https:\/\/www.wysylajtaniej.pl\/blog\/wp-json\/wp\/v2\/product_tag?post=4893"}],"curies":[{"name":"wp","href":"https:\/\/api.w.org\/{rel}","templated":true}]}}